{"id":2138,"date":"2016-03-21T14:20:38","date_gmt":"2016-03-21T14:20:38","guid":{"rendered":"http:\/\/connection.modeltheme.com\/?page_id=2138"},"modified":"2025-12-31T16:20:00","modified_gmt":"2025-12-31T09:20:00","slug":"gioi-thieu","status":"publish","type":"page","link":"https:\/\/canstudio.vn\/en\/gioi-thieu\/","title":{"rendered":"About us"},"content":{"rendered":"<div class=\"wpb-content-wrapper\"><div data-vc-full-width=\"true\" data-vc-full-width-init=\"false\" class=\"vc_row wpb_row vc_row-fluid vc_custom_1762250432720 vc_row-o-equal-height vc_row-flex\"><div class=\"wpb_column vc_column_container vc_col-sm-12\"><div class=\"vc_column-inner vc_custom_1762250498304\"><div class=\"wpb_wrapper\"><div class=\"vc_row wpb_row vc_inner vc_row-fluid vc_custom_1762250325949 vc_row-o-equal-height vc_row-flex\"><div class=\"wpb_column vc_column_container vc_col-sm-6\"><div class=\"vc_column-inner vc_custom_1762250276485\"><div class=\"wpb_wrapper\"><div class=\"vc_empty_space\"   style=\"height: 20px\"><span class=\"vc_empty_space_inner\"><\/span><\/div><h2 style=\"font-size: 36px;color: #323232;line-height: 30px;text-align: left\" class=\"vc_custom_heading vc_do_custom_heading\" >About CAN Studio<\/h2><div class=\"vc_empty_space\"   style=\"height: 20px\"><span class=\"vc_empty_space_inner\"><\/span><\/div>\n\t<div class=\"wpb_text_column wpb_content_element\" >\n\t\t<div class=\"wpb_wrapper\">\n\t\t\t<p><strong data-start=\"212\" data-end=\"226\">C A N Home<\/strong> l\u00e0 \u0111\u01a1n v\u1ecb ho\u1ea1t \u0111\u1ed9ng trong l\u0129nh v\u1ef1c <strong data-start=\"262\" data-end=\"307\">thi\u1ebft k\u1ebf v\u00e0 thi c\u00f4ng ki\u1ebfn tr\u00fac \u2013 n\u1ed9i th\u1ea5t<\/strong>, h\u01b0\u1edbng \u0111\u1ebfn vi\u1ec7c cung c\u1ea5p c\u00e1c gi\u1ea3i ph\u00e1p kh\u00f4ng gian ph\u00f9 h\u1ee3p cho t\u1eebng kh\u00e1ch h\u00e0ng. M\u1ed7i d\u1ef1 \u00e1n \u0111\u01b0\u1ee3c tri\u1ec3n khai d\u1ef1a tr\u00ean vi\u1ec7c ph\u00e2n t\u00edch hi\u1ec7n tr\u1ea1ng, nhu c\u1ea7u s\u1eed d\u1ee5ng v\u00e0 \u0111\u1ecbnh h\u01b0\u1edbng \u0111\u1ea7u t\u01b0 c\u1ee7a kh\u00e1ch h\u00e0ng, t\u1eeb \u0111\u00f3 x\u00e2y d\u1ef1ng ph\u01b0\u01a1ng \u00e1n t\u1ed1t nh\u1ea5t cho qu\u00fd kh\u00e1ch.<\/p>\n<p>V\u1edbi \u0111\u1ed9i ng\u0169 Ki\u1ebfn tr\u00fac s\u01b0, K\u0129 s\u01b0 \u0111\u1ea7y nhi\u1ec7t huy\u1ebft v\u00e0 tr\u1ebb trung k\u1ebft h\u1ee3p v\u1edbi \u0110\u1ed9i ng\u0169 thi c\u00f4ng d\u00e0y d\u1eb7n kinh nghi\u1ec7m, C A N t\u1ef1 h\u00e0o mang \u0111\u1ebfn nh\u1eefng s\u1ea3n ph\u1ea9m chuy\u00ean nghi\u1ec7p, b\u1ec1n v\u1eefng v\u00e0 \u0111\u00e1p \u1ee9ng \u0111\u1ea7y \u0111\u1ee7 c\u00e1c nhu c\u1ea7u c\u1ee7a kh\u00e1ch h\u00e0ng.<\/p>\n\n\t\t<\/div>\n\t<\/div>\n<div class=\"vc_empty_space\"   style=\"height: 20px\"><span class=\"vc_empty_space_inner\"><\/span><\/div><\/div><\/div><\/div><div class=\"wpb_column vc_column_container vc_col-sm-6\"><div class=\"vc_column-inner\"><div class=\"wpb_wrapper\">\n\t<div  class=\"wpb_single_image wpb_content_element vc_align_center wpb_content_element\">\n\t\t\n\t\t<figure class=\"wpb_wrapper vc_figure\">\n\t\t\t<div class=\"vc_single_image-wrapper   vc_box_border_grey\"><img fetchpriority=\"high\" decoding=\"async\" width=\"1440\" height=\"960\" src=\"https:\/\/canstudio.vn\/wp-content\/uploads\/2025\/09\/Black-Shirt-BW-ok-ver1.jpg\" class=\"vc_single_image-img attachment-full\" alt=\"\" title=\"Black Shirt (B&amp;W) ok-ver1\" srcset=\"https:\/\/canstudio.vn\/wp-content\/uploads\/2025\/09\/Black-Shirt-BW-ok-ver1.jpg 1440w, https:\/\/canstudio.vn\/wp-content\/uploads\/2025\/09\/Black-Shirt-BW-ok-ver1-300x200.jpg 300w, https:\/\/canstudio.vn\/wp-content\/uploads\/2025\/09\/Black-Shirt-BW-ok-ver1-1024x683.jpg 1024w, https:\/\/canstudio.vn\/wp-content\/uploads\/2025\/09\/Black-Shirt-BW-ok-ver1-768x512.jpg 768w, https:\/\/canstudio.vn\/wp-content\/uploads\/2025\/09\/Black-Shirt-BW-ok-ver1-18x12.jpg 18w\" sizes=\"(max-width: 1440px) 100vw, 1440px\" \/><\/div>\n\t\t<\/figure>\n\t<\/div>\n<\/div><\/div><\/div><\/div><\/div><\/div><\/div><\/div><div class=\"vc_row-full-width vc_clearfix\"><\/div><div data-vc-full-width=\"true\" data-vc-full-width-init=\"false\" class=\"vc_row wpb_row vc_row-fluid vc_custom_1763371825025 vc_row-has-fill vc_row-o-equal-height vc_row-flex\"><div class=\"wpb_column vc_column_container vc_col-sm-12\"><div class=\"vc_column-inner vc_custom_1762250584070\"><div class=\"wpb_wrapper\"><div class=\"vc_row wpb_row vc_inner vc_row-fluid vc_custom_1482313439347 vc_row-o-equal-height vc_row-flex\"><div class=\"wpb_column vc_column_container vc_col-sm-6\"><div class=\"vc_column-inner vc_custom_1482313499670\"><div class=\"wpb_wrapper\">\n\t<div  class=\"wpb_single_image wpb_content_element vc_align_center wpb_content_element\">\n\t\t\n\t\t<figure class=\"wpb_wrapper vc_figure\">\n\t\t\t<div class=\"vc_single_image-wrapper   vc_box_border_grey\"><img decoding=\"async\" width=\"512\" height=\"366\" src=\"https:\/\/canstudio.vn\/wp-content\/uploads\/2025\/08\/2025-02-20.jpg\" class=\"vc_single_image-img attachment-full\" alt=\"\" title=\"2025-02-20\" srcset=\"https:\/\/canstudio.vn\/wp-content\/uploads\/2025\/08\/2025-02-20.jpg 512w, https:\/\/canstudio.vn\/wp-content\/uploads\/2025\/08\/2025-02-20-300x214.jpg 300w, https:\/\/canstudio.vn\/wp-content\/uploads\/2025\/08\/2025-02-20-18x12.jpg 18w\" sizes=\"(max-width: 512px) 100vw, 512px\" \/><\/div>\n\t\t<\/figure>\n\t<\/div>\n<\/div><\/div><\/div><div class=\"wpb_column vc_column_container vc_col-sm-6\"><div class=\"vc_column-inner vc_custom_1762250689310\"><div class=\"wpb_wrapper\"><div class=\"vc_empty_space\"   style=\"height: 40px\"><span class=\"vc_empty_space_inner\"><\/span><\/div><h2 style=\"font-size: 36px;color: #323232;line-height: 30px;text-align: left\" class=\"vc_custom_heading vc_do_custom_heading\" >Development history<\/h2><div class=\"vc_empty_space\"   style=\"height: 20px\"><span class=\"vc_empty_space_inner\"><\/span><\/div>\n\t<div class=\"wpb_text_column wpb_content_element\" >\n\t\t<div class=\"wpb_wrapper\">\n\t\t\t<p style=\"text-align: justify;\">T\u1eeb nh\u1eefng ng\u00e0y \u0111\u1ea7u th\u00e0nh l\u1eadp, C A N \u0111\u00e3 \u0111\u1ecbnh h\u00ecnh con \u0111\u01b0\u1eddng tr\u1edf th\u00e0nh m\u1ed9t \u0111\u01a1n v\u1ecb mang l\u1ea1i nh\u1eefng d\u1ecbch v\u1ee5 ch\u1ea5t l\u01b0\u1ee3ng cho kh\u00e1ch h\u00e0ng. Tr\u1ea3i qua qu\u00e1 tr\u00ecnh kh\u00f4ng ng\u1eebng n\u1ed7 l\u1ef1c, ch\u00fang t\u00f4i \u0111\u00e3 th\u1ef1c hi\u1ec7n th\u00e0nh c\u00f4ng nhi\u1ec1u d\u1ef1 \u00e1n \u0111a d\u1ea1ng, t\u1eeb nh\u00e0 \u1edf, c\u0103n h\u1ed9, v\u0103n ph\u00f2ng \u0111\u1ebfn c\u00f4ng tr\u00ecnh th\u01b0\u01a1ng m\u1ea1i. M\u1ed7i c\u1ed9t m\u1ed1c \u0111\u1ec1u g\u1eafn li\u1ec1n v\u1edbi s\u1ef1 tin t\u01b0\u1edfng c\u1ee7a kh\u00e1ch h\u00e0ng v\u00e0 tinh th\u1ea7n l\u00e0m vi\u1ec7c t\u1eadn t\u00e2m c\u1ee7a \u0111\u1ed9i ng\u0169, gi\u00fap C A N t\u1eebng b\u01b0\u1edbc kh\u1eb3ng \u0111\u1ecbnh v\u1ecb tr\u00ed trong l\u0129nh v\u1ef1c.<\/p>\n\n\t\t<\/div>\n\t<\/div>\n<\/div><\/div><\/div><\/div><\/div><\/div><\/div><\/div><div class=\"vc_row-full-width vc_clearfix\"><\/div><div data-vc-full-width=\"true\" data-vc-full-width-init=\"false\" class=\"vc_row wpb_row vc_row-fluid vc_custom_1762250812063 vc_row-o-equal-height vc_row-flex\"><div class=\"wpb_column vc_column_container vc_col-sm-12\"><div class=\"vc_column-inner vc_custom_1762250776824\"><div class=\"wpb_wrapper\"><div class=\"vc_row wpb_row vc_inner vc_row-fluid vc_custom_1482313439347 vc_row-o-equal-height vc_row-flex\"><div class=\"wpb_column vc_column_container vc_col-sm-6\"><div class=\"vc_column-inner vc_custom_1482313499670\"><div class=\"wpb_wrapper\"><div class=\"vc_empty_space\"   style=\"height: 40px\"><span class=\"vc_empty_space_inner\"><\/span><\/div><h2 style=\"font-size: 36px;color: #323232;line-height: 30px;text-align: left\" class=\"vc_custom_heading vc_do_custom_heading\" >Vision and mission<\/h2><div class=\"vc_empty_space\"   style=\"height: 20px\"><span class=\"vc_empty_space_inner\"><\/span><\/div>\n\t<div class=\"wpb_text_column wpb_content_element\" >\n\t\t<div class=\"wpb_wrapper\">\n\t\t\t<p>C A N lu\u00f4n h\u01b0\u1edbng \u0111\u1ebfn m\u1ee5c ti\u00eau tr\u1edf th\u00e0nh m\u1ed9t \u0111\u01a1n v\u1ecb <strong>thi\u1ebft k\u1ebf v\u00e0 thi c\u00f4ng uy t\u00edn<\/strong>, t\u1ea1o n\u00ean nh\u1eefng kh\u00f4ng gian s\u1ed1ng v\u00e0 l\u00e0m vi\u1ec7c ph\u00f9 h\u1ee3p v\u00e0 mang \u0111\u1eadm d\u1ea5u \u1ea5n c\u00e1 nh\u00e2n.<br \/>\nCh\u00fang t\u00f4i ho\u1ea1t \u0111\u1ed9ng v\u1edbi tinh th\u1ea7n <strong>s\u00e1ng t\u1ea1o \u2013 ch\u1ea5t l\u01b0\u1ee3ng \u2013 uy t\u00edn \u2013 t\u1eadn t\u00e2m<\/strong>, lu\u00f4n \u0111\u1eb7t kh\u00e1ch h\u00e0ng l\u00e0m trung t\u00e2m v\u00e0 cam k\u1ebft lu\u00f4n mang l\u1ea1i s\u1ef1 h\u00e0i l\u00f2ng cho kh\u00e1ch h\u00e0ng trong t\u1eebng d\u1ef1 \u00e1n.<\/p>\n<p>C A N cam k\u1ebft s\u1ebd mang \u0111\u1ebfn cho kh\u00e1ch h\u00e0ng nh\u1eefng d\u1ecbch v\u1ee5 t\u1eadn t\u00e2m v\u00e0 ch\u1ea5t l\u01b0\u1ee3ng. Ch\u00fang t\u00f4i h\u01b0\u1edbng \u0111\u1ebfn s\u1ef1 ph\u00e1t tri\u1ec3n b\u1ec1n v\u1eefng, x\u00e2y d\u1ef1ng th\u01b0\u01a1ng hi\u1ec7u b\u1eb1ng uy t\u00edn, ch\u1ea5t l\u01b0\u1ee3ng v\u00e0 ni\u1ec1m tin c\u1ee7a kh\u00e1ch h\u00e0ng.<\/p>\n\n\t\t<\/div>\n\t<\/div>\n<div class=\"vc_empty_space\"   style=\"height: 40px\"><span class=\"vc_empty_space_inner\"><\/span><\/div><\/div><\/div><\/div><div class=\"wpb_column vc_column_container vc_col-sm-6\"><div class=\"vc_column-inner\"><div class=\"wpb_wrapper\">\n\t<div  class=\"wpb_single_image wpb_content_element vc_align_center wpb_content_element\">\n\t\t\n\t\t<figure class=\"wpb_wrapper vc_figure\">\n\t\t\t<div class=\"vc_single_image-wrapper   vc_box_border_grey\"><img decoding=\"async\" width=\"1440\" height=\"960\" src=\"https:\/\/canstudio.vn\/wp-content\/uploads\/2025\/09\/C-A-N-1-ver1.jpg\" class=\"vc_single_image-img attachment-full\" alt=\"\" title=\"CAN 1-ver1\" srcset=\"https:\/\/canstudio.vn\/wp-content\/uploads\/2025\/09\/C-A-N-1-ver1.jpg 1440w, https:\/\/canstudio.vn\/wp-content\/uploads\/2025\/09\/C-A-N-1-ver1-300x200.jpg 300w, https:\/\/canstudio.vn\/wp-content\/uploads\/2025\/09\/C-A-N-1-ver1-1024x683.jpg 1024w, https:\/\/canstudio.vn\/wp-content\/uploads\/2025\/09\/C-A-N-1-ver1-768x512.jpg 768w, https:\/\/canstudio.vn\/wp-content\/uploads\/2025\/09\/C-A-N-1-ver1-18x12.jpg 18w\" sizes=\"(max-width: 1440px) 100vw, 1440px\" \/><\/div>\n\t\t<\/figure>\n\t<\/div>\n<\/div><\/div><\/div><\/div><\/div><\/div><\/div><\/div><div class=\"vc_row-full-width vc_clearfix\"><\/div><div data-vc-full-width=\"true\" data-vc-full-width-init=\"false\" class=\"vc_row wpb_row vc_row-fluid vc_custom_1763371838473 vc_row-has-fill\"><div class=\"wpb_column vc_column_container vc_col-sm-3\"><div class=\"vc_column-inner vc_custom_1762250941594\"><div class=\"wpb_wrapper\"><div class=\"stats-block statistics wow fadeInUp\" style=\"border: 2px solid #E1B261\"><div class=\"stats-head\"><p class=\"stat-number skill\" style=\"border-bottom: 2px solid #E1B261\"><img decoding=\"async\" src=\"https:\/\/canstudio.vn\/wp-content\/uploads\/2025\/08\/1zada_icon5_set2.png\" data-src=\"https:\/\/canstudio.vn\/wp-content\/uploads\/2025\/08\/1zada_icon5_set2.png\" alt=\"\"><span class=\"skill-count\" style=\"color: #758467\">165<\/span><\/p><\/div><div class=\"stats-content percentage\" data-perc=\"165\"><p style=\"color: #758467\">Project<\/p><\/div><\/div><\/div><\/div><\/div><div class=\"wpb_column vc_column_container vc_col-sm-3\"><div class=\"vc_column-inner vc_custom_1762251003593\"><div class=\"wpb_wrapper\"><div class=\"stats-block statistics wow fadeInUp\" style=\"border: 2px solid #E1B261\"><div class=\"stats-head\"><p class=\"stat-number skill\" style=\"border-bottom: 2px solid #E1B261\"><img decoding=\"async\" src=\"https:\/\/canstudio.vn\/wp-content\/uploads\/2025\/08\/apartment.png\" data-src=\"https:\/\/canstudio.vn\/wp-content\/uploads\/2025\/08\/apartment.png\" alt=\"\"><span class=\"skill-count\" style=\"color: #758467\">45<\/span><\/p><\/div><div class=\"stats-content percentage\" data-perc=\"45\"><p style=\"color: #758467\">Apartment<\/p><\/div><\/div><\/div><\/div><\/div><div class=\"wpb_column vc_column_container vc_col-sm-3\"><div class=\"vc_column-inner vc_custom_1762251015888\"><div class=\"wpb_wrapper\"><div class=\"stats-block statistics wow fadeInUp\" style=\"border: 2px solid #E1B261\"><div class=\"stats-head\"><p class=\"stat-number skill\" style=\"border-bottom: 2px solid #E1B261\"><img decoding=\"async\" src=\"https:\/\/canstudio.vn\/wp-content\/uploads\/2025\/08\/house.png\" data-src=\"https:\/\/canstudio.vn\/wp-content\/uploads\/2025\/08\/house.png\" alt=\"\"><span class=\"skill-count\" style=\"color: #758467\">27<\/span><\/p><\/div><div class=\"stats-content percentage\" data-perc=\"27\"><p style=\"color: #758467\">Villa<\/p><\/div><\/div><\/div><\/div><\/div><div class=\"wpb_column vc_column_container vc_col-sm-3\"><div class=\"vc_column-inner vc_custom_1762251026704\"><div class=\"wpb_wrapper\"><div class=\"stats-block statistics wow fadeInUp\" style=\"border: 2px solid #E1B261\"><div class=\"stats-head\"><p class=\"stat-number skill\" style=\"border-bottom: 2px solid #E1B261\"><img decoding=\"async\" src=\"https:\/\/canstudio.vn\/wp-content\/uploads\/2025\/08\/townhouse.png\" data-src=\"https:\/\/canstudio.vn\/wp-content\/uploads\/2025\/08\/townhouse.png\" alt=\"\"><span class=\"skill-count\" style=\"color: #758467\">7<\/span><\/p><\/div><div class=\"stats-content percentage\" data-perc=\"7\"><p style=\"color: #758467\">Townhouse<\/p><\/div><\/div><\/div><\/div><\/div><\/div><div class=\"vc_row-full-width vc_clearfix\"><\/div><div data-vc-full-width=\"true\" data-vc-full-width-init=\"false\" class=\"vc_row wpb_row vc_row-fluid vc_custom_1762251052642 vc_row-has-fill\"><div class=\"wpb_column vc_column_container vc_col-sm-12\"><div class=\"vc_column-inner vc_custom_1762251067432\"><div class=\"wpb_wrapper\"><h2 style=\"font-size: 36px;color: #425235;line-height: 30px;text-align: center\" class=\"vc_custom_heading vc_do_custom_heading\" >STAFF<\/h2><div class=\"vc_empty_space\"   style=\"height: 50px\"><span class=\"vc_empty_space_inner\"><\/span><\/div>\n<div class=\"vc_grid-container-wrapper vc_clearfix vc_grid-animation-fadeIn\">\n\t<div class=\"vc_grid-container vc_clearfix wpb_content_element vc_media_grid\" data-initial-loading-animation=\"fadeIn\" data-vc-grid-settings=\"{&quot;page_id&quot;:2138,&quot;style&quot;:&quot;all&quot;,&quot;action&quot;:&quot;vc_get_vc_grid_data&quot;,&quot;shortcode_id&quot;:&quot;1767172546270-6fa0255d-8d85-7&quot;,&quot;tag&quot;:&quot;vc_media_grid&quot;}\" data-vc-request=\"https:\/\/canstudio.vn\/wp-admin\/admin-ajax.php\" data-vc-post-id=\"2138\" data-vc-public-nonce=\"7743fb56f8\">\n\t\t\n\t<\/div>\n<\/div><\/div><\/div><\/div><\/div><div class=\"vc_row-full-width vc_clearfix\"><\/div><div data-vc-full-width=\"true\" data-vc-full-width-init=\"false\" class=\"vc_row wpb_row vc_row-fluid vc_custom_1763371851909 vc_row-has-fill\"><div class=\"wpb_column vc_column_container vc_col-sm-12\"><div class=\"vc_column-inner\"><div class=\"wpb_wrapper\"><h2 style=\"font-size: 36px;color: #425235;line-height: 46px;text-align: center\" class=\"vc_custom_heading vc_do_custom_heading\" >PARTNERS &amp; CUSTOMERS<\/h2><div class=\"vc_empty_space\"   style=\"height: 50px\"><span class=\"vc_empty_space_inner\"><\/span><\/div><div class=\"row\"><div class=\"wow fadeInUp mt_clients_slider clients_container_shortcode-4 owl-carousel owl-theme\"><div class=\"clients_image_holder post\"><div class=\"item col-md-12\"><div class=\"clients_image_holder_inside post\" style=\"background-color:;\"><img decoding=\"async\" class=\"client_image\" src=\"https:\/\/canstudio.vn\/wp-content\/uploads\/2025\/11\/toa.jpg\" alt=\"Client5\" \/><\/div><\/div><\/div><div class=\"clients_image_holder post\"><div class=\"item col-md-12\"><div class=\"clients_image_holder_inside post\" style=\"background-color:;\"><img decoding=\"async\" class=\"client_image\" src=\"https:\/\/canstudio.vn\/wp-content\/uploads\/2025\/11\/noi-that-thuy-trieu.jpg\" alt=\"Client4\" \/><\/div><\/div><\/div><div class=\"clients_image_holder post\"><div class=\"item col-md-12\"><div class=\"clients_image_holder_inside post\" style=\"background-color:;\"><img decoding=\"async\" class=\"client_image\" src=\"https:\/\/canstudio.vn\/wp-content\/uploads\/2025\/11\/hoa-sen.jpg\" alt=\"Client3\" \/><\/div><\/div><\/div><div class=\"clients_image_holder post\"><div class=\"item col-md-12\"><div class=\"clients_image_holder_inside post\" style=\"background-color:;\"><img decoding=\"async\" class=\"client_image\" src=\"https:\/\/canstudio.vn\/wp-content\/uploads\/2016\/01\/Chua-co-ten-778-x-298-px-776-x-296-px-774-x-294-px-1.png\" alt=\"Client2\" \/><\/div><\/div><\/div><div class=\"clients_image_holder post\"><div class=\"item col-md-12\"><div class=\"clients_image_holder_inside post\" style=\"background-color:;\"><img decoding=\"async\" class=\"client_image\" src=\"https:\/\/canstudio.vn\/wp-content\/uploads\/2016\/01\/Chua-co-ten-778-x-298-px-776-x-296-px-2.png\" alt=\"Client1\" \/><\/div><\/div><\/div><\/div><\/div><\/div><\/div><\/div><\/div><div class=\"vc_row-full-width vc_clearfix\"><\/div>\n<\/div>","protected":false},"excerpt":{"rendered":"V\u1ec1 C A N Studio C A N Home l\u00e0 \u0111\u01a1n v\u1ecb ho\u1ea1t \u0111\u1ed9ng trong l\u0129nh v\u1ef1c thi\u1ebft k\u1ebf v\u00e0 thi c\u00f4ng ki\u1ebfn tr\u00fac \u2013 n\u1ed9i th\u1ea5t, h\u01b0\u1edbng \u0111\u1ebfn vi\u1ec7c cung c\u1ea5p c\u00e1c gi\u1ea3i ph\u00e1p kh\u00f4ng gian ph\u00f9 h\u1ee3p cho t\u1eebng kh\u00e1ch h\u00e0ng. M\u1ed7i d\u1ef1 \u00e1n \u0111\u01b0\u1ee3c tri\u1ec3n khai d\u1ef1a tr\u00ean vi\u1ec7c ph\u00e2n t\u00edch hi\u1ec7n [...]","protected":false},"author":1,"featured_media":6841,"parent":0,"menu_order":0,"comment_status":"closed","ping_status":"closed","template":"","meta":{"footnotes":""},"class_list":["post-2138","page","type-page","status-publish","has-post-thumbnail","hentry"],"acf":[],"yoast_head":"<!-- This site is optimized with the Yoast SEO Premium plugin v25.6 (Yoast SEO v25.6) - https:\/\/yoast.com\/wordpress\/plugins\/seo\/ -->\n<title>Gi\u1edbi thi\u1ec7u - C\u00f4ng ty TNHH Thi\u1ebft k\u1ebf v\u00e0 Thi c\u00f4ng x\u00e2y d\u1ef1ng C A N Home<\/title>\n<meta name=\"robots\" content=\"index, follow, max-snippet:-1, max-image-preview:large, max-video-preview:-1\" \/>\n<link rel=\"canonical\" href=\"https:\/\/canstudio.vn\/en\/gioi-thieu\/\" \/>\n<meta property=\"og:locale\" content=\"en_US\" \/>\n<meta property=\"og:type\" content=\"article\" \/>\n<meta property=\"og:title\" content=\"Gi\u1edbi thi\u1ec7u\" \/>\n<meta property=\"og:url\" content=\"https:\/\/canstudio.vn\/en\/gioi-thieu\/\" \/>\n<meta property=\"og:site_name\" content=\"C\u00f4ng ty TNHH Thi\u1ebft k\u1ebf v\u00e0 Thi c\u00f4ng x\u00e2y d\u1ef1ng C A N Home\" \/>\n<meta property=\"article:modified_time\" content=\"2025-12-31T09:20:00+00:00\" \/>\n<meta property=\"og:image\" content=\"https:\/\/canstudio.vn\/wp-content\/uploads\/2025\/08\/bn-gioi-thieu.jpg\" \/>\n\t<meta property=\"og:image:width\" content=\"1920\" \/>\n\t<meta property=\"og:image:height\" content=\"220\" \/>\n\t<meta property=\"og:image:type\" content=\"image\/jpeg\" \/>\n<meta name=\"twitter:card\" content=\"summary_large_image\" \/>\n<meta name=\"twitter:label1\" content=\"Est. reading time\" \/>\n\t<meta name=\"twitter:data1\" content=\"4 minutes\" \/>\n<script type=\"application\/ld+json\" class=\"yoast-schema-graph\">{\"@context\":\"https:\/\/schema.org\",\"@graph\":[{\"@type\":\"WebPage\",\"@id\":\"https:\/\/canstudio.vn\/gioi-thieu\/\",\"url\":\"https:\/\/canstudio.vn\/gioi-thieu\/\",\"name\":\"Gi\u1edbi thi\u1ec7u - C\u00f4ng ty TNHH Thi\u1ebft k\u1ebf v\u00e0 Thi c\u00f4ng x\u00e2y d\u1ef1ng C A N Home\",\"isPartOf\":{\"@id\":\"https:\/\/canstudio.vn\/#website\"},\"primaryImageOfPage\":{\"@id\":\"https:\/\/canstudio.vn\/gioi-thieu\/#primaryimage\"},\"image\":{\"@id\":\"https:\/\/canstudio.vn\/gioi-thieu\/#primaryimage\"},\"thumbnailUrl\":\"https:\/\/canstudio.vn\/wp-content\/uploads\/2025\/08\/bn-gioi-thieu.jpg\",\"datePublished\":\"2016-03-21T14:20:38+00:00\",\"dateModified\":\"2025-12-31T09:20:00+00:00\",\"breadcrumb\":{\"@id\":\"https:\/\/canstudio.vn\/gioi-thieu\/#breadcrumb\"},\"inLanguage\":\"en-US\",\"potentialAction\":[{\"@type\":\"ReadAction\",\"target\":[\"https:\/\/canstudio.vn\/gioi-thieu\/\"]}]},{\"@type\":\"ImageObject\",\"inLanguage\":\"en-US\",\"@id\":\"https:\/\/canstudio.vn\/gioi-thieu\/#primaryimage\",\"url\":\"https:\/\/canstudio.vn\/wp-content\/uploads\/2025\/08\/bn-gioi-thieu.jpg\",\"contentUrl\":\"https:\/\/canstudio.vn\/wp-content\/uploads\/2025\/08\/bn-gioi-thieu.jpg\",\"width\":1920,\"height\":220},{\"@type\":\"BreadcrumbList\",\"@id\":\"https:\/\/canstudio.vn\/gioi-thieu\/#breadcrumb\",\"itemListElement\":[{\"@type\":\"ListItem\",\"position\":1,\"name\":\"Trang ch\u1ee7\",\"item\":\"https:\/\/canstudio.vn\/\"},{\"@type\":\"ListItem\",\"position\":2,\"name\":\"Gi\u1edbi thi\u1ec7u\"}]},{\"@type\":\"WebSite\",\"@id\":\"https:\/\/canstudio.vn\/#website\",\"url\":\"https:\/\/canstudio.vn\/\",\"name\":\"C\u00f4ng ty TNHH Thi\u1ebft k\u1ebf v\u00e0 Thi c\u00f4ng x\u00e2y d\u1ef1ng C A N Home\",\"description\":\"\",\"publisher\":{\"@id\":\"https:\/\/canstudio.vn\/#organization\"},\"potentialAction\":[{\"@type\":\"SearchAction\",\"target\":{\"@type\":\"EntryPoint\",\"urlTemplate\":\"https:\/\/canstudio.vn\/?s={search_term_string}\"},\"query-input\":{\"@type\":\"PropertyValueSpecification\",\"valueRequired\":true,\"valueName\":\"search_term_string\"}}],\"inLanguage\":\"en-US\"},{\"@type\":\"Organization\",\"@id\":\"https:\/\/canstudio.vn\/#organization\",\"name\":\"C\u00f4ng ty TNHH Thi\u1ebft k\u1ebf v\u00e0 Thi c\u00f4ng x\u00e2y d\u1ef1ng C A N Home\",\"url\":\"https:\/\/canstudio.vn\/\",\"logo\":{\"@type\":\"ImageObject\",\"inLanguage\":\"en-US\",\"@id\":\"https:\/\/canstudio.vn\/#\/schema\/logo\/image\/\",\"url\":\"https:\/\/canstudio.vn\/wp-content\/uploads\/2025\/08\/logo-canstudio-white-2.png\",\"contentUrl\":\"https:\/\/canstudio.vn\/wp-content\/uploads\/2025\/08\/logo-canstudio-white-2.png\",\"width\":344,\"height\":388,\"caption\":\"C\u00f4ng ty TNHH Thi\u1ebft k\u1ebf v\u00e0 Thi c\u00f4ng x\u00e2y d\u1ef1ng C A N Home\"},\"image\":{\"@id\":\"https:\/\/canstudio.vn\/#\/schema\/logo\/image\/\"}}]}<\/script>\n<!-- \/ Yoast SEO Premium plugin. -->","yoast_head_json":{"title":"Gi\u1edbi thi\u1ec7u - C\u00f4ng ty TNHH Thi\u1ebft k\u1ebf v\u00e0 Thi c\u00f4ng x\u00e2y d\u1ef1ng C A N Home","robots":{"index":"index","follow":"follow","max-snippet":"max-snippet:-1","max-image-preview":"max-image-preview:large","max-video-preview":"max-video-preview:-1"},"canonical":"https:\/\/canstudio.vn\/en\/gioi-thieu\/","og_locale":"en_US","og_type":"article","og_title":"Gi\u1edbi thi\u1ec7u","og_url":"https:\/\/canstudio.vn\/en\/gioi-thieu\/","og_site_name":"C\u00f4ng ty TNHH Thi\u1ebft k\u1ebf v\u00e0 Thi c\u00f4ng x\u00e2y d\u1ef1ng C A N Home","article_modified_time":"2025-12-31T09:20:00+00:00","og_image":[{"width":1920,"height":220,"url":"https:\/\/canstudio.vn\/wp-content\/uploads\/2025\/08\/bn-gioi-thieu.jpg","type":"image\/jpeg"}],"twitter_card":"summary_large_image","twitter_misc":{"Est. reading time":"4 minutes"},"schema":{"@context":"https:\/\/schema.org","@graph":[{"@type":"WebPage","@id":"https:\/\/canstudio.vn\/gioi-thieu\/","url":"https:\/\/canstudio.vn\/gioi-thieu\/","name":"Gi\u1edbi thi\u1ec7u - C\u00f4ng ty TNHH Thi\u1ebft k\u1ebf v\u00e0 Thi c\u00f4ng x\u00e2y d\u1ef1ng C A N Home","isPartOf":{"@id":"https:\/\/canstudio.vn\/#website"},"primaryImageOfPage":{"@id":"https:\/\/canstudio.vn\/gioi-thieu\/#primaryimage"},"image":{"@id":"https:\/\/canstudio.vn\/gioi-thieu\/#primaryimage"},"thumbnailUrl":"https:\/\/canstudio.vn\/wp-content\/uploads\/2025\/08\/bn-gioi-thieu.jpg","datePublished":"2016-03-21T14:20:38+00:00","dateModified":"2025-12-31T09:20:00+00:00","breadcrumb":{"@id":"https:\/\/canstudio.vn\/gioi-thieu\/#breadcrumb"},"inLanguage":"en-US","potentialAction":[{"@type":"ReadAction","target":["https:\/\/canstudio.vn\/gioi-thieu\/"]}]},{"@type":"ImageObject","inLanguage":"en-US","@id":"https:\/\/canstudio.vn\/gioi-thieu\/#primaryimage","url":"https:\/\/canstudio.vn\/wp-content\/uploads\/2025\/08\/bn-gioi-thieu.jpg","contentUrl":"https:\/\/canstudio.vn\/wp-content\/uploads\/2025\/08\/bn-gioi-thieu.jpg","width":1920,"height":220},{"@type":"BreadcrumbList","@id":"https:\/\/canstudio.vn\/gioi-thieu\/#breadcrumb","itemListElement":[{"@type":"ListItem","position":1,"name":"Trang ch\u1ee7","item":"https:\/\/canstudio.vn\/"},{"@type":"ListItem","position":2,"name":"Gi\u1edbi thi\u1ec7u"}]},{"@type":"WebSite","@id":"https:\/\/canstudio.vn\/#website","url":"https:\/\/canstudio.vn\/","name":"C\u00f4ng ty TNHH Thi\u1ebft k\u1ebf v\u00e0 Thi c\u00f4ng x\u00e2y d\u1ef1ng C A N Home","description":"","publisher":{"@id":"https:\/\/canstudio.vn\/#organization"},"potentialAction":[{"@type":"SearchAction","target":{"@type":"EntryPoint","urlTemplate":"https:\/\/canstudio.vn\/?s={search_term_string}"},"query-input":{"@type":"PropertyValueSpecification","valueRequired":true,"valueName":"search_term_string"}}],"inLanguage":"en-US"},{"@type":"Organization","@id":"https:\/\/canstudio.vn\/#organization","name":"C\u00f4ng ty TNHH Thi\u1ebft k\u1ebf v\u00e0 Thi c\u00f4ng x\u00e2y d\u1ef1ng C A N Home","url":"https:\/\/canstudio.vn\/","logo":{"@type":"ImageObject","inLanguage":"en-US","@id":"https:\/\/canstudio.vn\/#\/schema\/logo\/image\/","url":"https:\/\/canstudio.vn\/wp-content\/uploads\/2025\/08\/logo-canstudio-white-2.png","contentUrl":"https:\/\/canstudio.vn\/wp-content\/uploads\/2025\/08\/logo-canstudio-white-2.png","width":344,"height":388,"caption":"C\u00f4ng ty TNHH Thi\u1ebft k\u1ebf v\u00e0 Thi c\u00f4ng x\u00e2y d\u1ef1ng C A N Home"},"image":{"@id":"https:\/\/canstudio.vn\/#\/schema\/logo\/image\/"}}]}},"_links":{"self":[{"href":"https:\/\/canstudio.vn\/en\/wp-json\/wp\/v2\/pages\/2138","targetHints":{"allow":["GET"]}}],"collection":[{"href":"https:\/\/canstudio.vn\/en\/wp-json\/wp\/v2\/pages"}],"about":[{"href":"https:\/\/canstudio.vn\/en\/wp-json\/wp\/v2\/types\/page"}],"author":[{"embeddable":true,"href":"https:\/\/canstudio.vn\/en\/wp-json\/wp\/v2\/users\/1"}],"replies":[{"embeddable":true,"href":"https:\/\/canstudio.vn\/en\/wp-json\/wp\/v2\/comments?post=2138"}],"version-history":[{"count":92,"href":"https:\/\/canstudio.vn\/en\/wp-json\/wp\/v2\/pages\/2138\/revisions"}],"predecessor-version":[{"id":8045,"href":"https:\/\/canstudio.vn\/en\/wp-json\/wp\/v2\/pages\/2138\/revisions\/8045"}],"wp:featuredmedia":[{"embeddable":true,"href":"https:\/\/canstudio.vn\/en\/wp-json\/wp\/v2\/media\/6841"}],"wp:attachment":[{"href":"https:\/\/canstudio.vn\/en\/wp-json\/wp\/v2\/media?parent=2138"}],"curies":[{"name":"wp","href":"https:\/\/api.w.org\/{rel}","templated":true}]}}